{"id":447,"date":"2025-06-30T12:04:43","date_gmt":"2025-06-30T17:04:43","guid":{"rendered":"https:\/\/mindshift.care\/physicians-spanish\/"},"modified":"2025-12-10T13:30:51","modified_gmt":"2025-12-10T19:30:51","slug":"medicos","status":"publish","type":"page","link":"https:\/\/mindshift.care\/es\/medicos\/","title":{"rendered":"M\u00e9dicos"},"content":{"rendered":"<div id=\"cs-content\" class=\"cs-content\"><section class=\"x-div e447-e1-v0 mcf-0 mcf-1 mcf-2 mcf-3 mcf-4 mcf-5 mcf-6 mcf-q exp02-section\" style=\"--tco-dccf-2:;\"><div class=\"x-div e447-e1-v1 mcf-4 mcf-6 mcf-7 mcf-8 mcf-9 mcf-a mcf-k mcf-l has-fade-mask-down\" style=\"--tco-dccf-5:luminosity;\" aria-hidden=\"true\"><div class=\"x-div e447-e1-v2 mcf-4 mcf-6 mcf-8 mcf-9 mcf-a mcf-b mcf-c mcf-m exp02-simple-bg is-cover\" style=\"--tco-dccf-6:url(_cs-tmpl:c5bfcfceee10e8cfcacbbda3a8f9c6cc:cs-tmpl_);--tco-dccf-7:50% 50%;--tco-dccf-8:200px;\"><div class=\"x-bg\" aria-hidden=\"true\"><div class=\"x-bg-layer-lower-image\"><\/div><\/div><\/div><\/div><div class=\"x-div x-container max width e447-e1-v3 mcf-1 mcf-4 mcf-6 mcf-8 mcf-a mcf-d mcf-e\"><div class=\"x-row e447-e3-v0 mcf-15 mcf-16 mcf-17 mcf-1b mcf-r exp02-dual-content has-primary-desktop-flex-basis\" style=\"--tco-dccf-9:50%;--tco-dccf-a:50%;--tco-dccf-b:50%;--tco-dccf-c:50%;--tco-dccf-d:row;--tco-dccf-e:;\"><div class=\"x-row-inner\"><div class=\"x-col e447-e3-v1 mcf-1e mcf-1f mcf-1g\"><div class=\"x-text x-text-headline e447-e5-v0 mcf-1j mcf-1k mcf-1l mcf-1m mcf-s exp02-hero-heading\" data-rvt-inner-wrap=\".x-text-content-text-primary &gt; strong\"><div class=\"x-text-content\"><div class=\"x-text-content-text\"><h1 class=\"x-text-content-text-primary\"><strong>M\u00e9dicos<\/strong> de atenci\u00f3n de urgencia en Houston<\/h1>\n<\/div><\/div><\/div><ul class=\"x-grid e447-e6-v0 mcf-1t mcf-t exp02-icon-list\"><li class=\"x-cell e447-e6-v1 mcf-1u\"><figure class=\"x-div e447-e6-v2 mcf-1 mcf-3 mcf-4 mcf-5 mcf-6 mcf-a mcf-d mcf-f\"><i class=\"x-icon e447-e6-v3 mcf-1v\" aria-hidden=\"true\" data-x-icon-s=\"&#xf00c;\"><\/i><\/figure><div class=\"x-div e447-e6-v4 mcf-6 mcf-8 mcf-a mcf-g\"><div class=\"x-text x-text-headline e447-e6-v5 mcf-1l mcf-1m mcf-1n\"><div class=\"x-text-content\"><div class=\"x-text-content-text\"><span class=\"x-text-content-text-primary\">M\u00e9dicos con licencia aqu\u00ed para ayudarle con sus problemas urgentes de salud mental.<\/span>\n<\/div><\/div><\/div><\/div><\/li><\/ul><\/div><div class=\"x-col e447-e3-v2 mcf-1e mcf-1g mcf-1h\"><span class=\"x-image e447-e8-v0 mcf-1w mcf-1x mcf-u exp02-image has-box-shadow\" style=\"--tco-dccf-f:1;--tco-dccf-g:normal;--tco-dccf-h:transparent;--tco-dccf-i:transparent;--tco-dccf-j:transparent;--tco-dccf-k:transparent;--tco-dccf-l:transparent;--tco-dccf-o:transparent;--tco-dccf-r:transparent;--tco-dccf-t:transparent;\"><img decoding=\"async\" src=\"https:\/\/mindshift.care\/wp-content\/uploads\/2025\/09\/MindShift_Physicians_Office.png\" width=\"448\" height=\"576\" alt=\"Physicians at MindShift Mental Health Urgent Care\" loading=\"lazy\"><\/span><\/div><\/div><\/div><\/div><\/section><div class=\"x-section e447-e9 mcf-1z\"><div class=\"x-row x-container max width e447-e10 mcf-17 mcf-18 mcf-19 mcf-1c\"><div class=\"x-row-inner\"><div class=\"x-col e447-e11 mcf-1g\"><div class=\"x-div e447-e12 mcf-4 mcf-6 mcf-8 mcf-a\"><div class=\"x-row e447-e13-v0 mcf-16 mcf-17 mcf-18 mcf-1a mcf-1d mcf-v exp02-features is-minimal\"><div class=\"x-row-inner\"><a class=\"x-col e447-e13-v1 mcf-1e mcf-1g mcf-1i\" href=\"\/es\/staff\/amy-azih\/\" data-x-effect-provider=\"colors particles effects\"><figure class=\"x-div e447-e13-v2 mcf-1 mcf-3 mcf-4 mcf-6 mcf-8 mcf-a mcf-d mcf-f mcf-n\" data-x-effect=\"{&quot;durationBase&quot;:&quot;300ms&quot;}\"><span class=\"x-image e447-e13-v3-v0 mcf-1w mcf-1y mcf-w exp02-image has-box-shadow\" style=\"--tco-dccf-u:1;--tco-dccf-v:normal;--tco-dccf-w:transparent;--tco-dccf-x:transparent;--tco-dccf-y:transparent;--tco-dccf-z:transparent;--tco-dccf-10:transparent;--tco-dccf-13:transparent;--tco-dccf-16:transparent;--tco-dccf-18:transparent;\"><img decoding=\"async\" src=\"https:\/\/mindshift.care\/wp-content\/uploads\/2025\/09\/AmyAzih_OfficeLabcoat.png\" width=\"416\" height=\"624\" alt=\"Amy Azih, PA-C\" loading=\"lazy\"><\/span><\/figure><div style=\"--tco-dccf-19:#407696;--tco-dccf-1c:#fc5e3b;\" class=\"x-text x-text-headline e447-e13-v4-v0 mcf-1j mcf-1l mcf-1o mcf-x exp02-heading\"><div class=\"x-text-content\"><div class=\"x-text-content-text\"><h2 class=\"x-text-content-text-primary\">Amy Azih, PA-C<\/h2>\n<\/div><\/div><\/div><div style=\"--tco-dccf-1d:#292929;--tco-dccf-1g:#292929;\" class=\"x-text x-text-headline e447-e13-v5-v0 mcf-1j mcf-1l mcf-1p mcf-y exp02-heading\"><div class=\"x-text-content\"><div class=\"x-text-content-text\"><p class=\"x-text-content-text-primary\">Una Asistente M\u00e9dica Psiqui\u00e1trica. Amy ofrece servicios integrales de salud mental en todo Texas, centr\u00e1ndose en un enfoque hol\u00edstico que combina t\u00e9cnicas de psicoterapia con la gesti\u00f3n de medicamentos.<\/p>\n<\/div><\/div><\/div><div style=\"--tco-dccf-1h:#407696;--tco-dccf-1k:#407696;--tco-dccf-1m:#407696;--tco-dccf-1p:#407696;\" class=\"x-text x-text-headline has-graphic e447-e13-v6-v0 mcf-1l mcf-1q mcf-z exp02-label\"><div class=\"x-text-content\"><span class=\"x-graphic\" aria-hidden=\"true\"><i class=\"x-icon x-graphic-child x-graphic-icon x-graphic-primary\" aria-hidden=\"true\" data-x-icon-o=\"&#xf061;\"><\/i><\/span><div class=\"x-text-content-text\"><span class=\"x-text-content-text-primary\">ver perfil<\/span>\n<\/div><\/div><\/div><\/a><a class=\"x-col e447-e13-v1 mcf-1e mcf-1g mcf-1i\" href=\"\/es\/staff\/barkat-ali\/\" data-x-effect-provider=\"colors particles effects\"><figure class=\"x-div e447-e13-v2 mcf-1 mcf-3 mcf-4 mcf-6 mcf-8 mcf-a mcf-d mcf-f mcf-n\" data-x-effect=\"{&quot;durationBase&quot;:&quot;300ms&quot;}\"><span class=\"x-image e447-e13-v3-v0 mcf-1w mcf-1y mcf-w exp02-image has-box-shadow\" style=\"--tco-dccf-u:1;--tco-dccf-v:normal;--tco-dccf-w:transparent;--tco-dccf-x:transparent;--tco-dccf-y:transparent;--tco-dccf-z:transparent;--tco-dccf-10:transparent;--tco-dccf-13:transparent;--tco-dccf-16:transparent;--tco-dccf-18:transparent;\"><img decoding=\"async\" src=\"https:\/\/mindshift.care\/wp-content\/uploads\/2025\/09\/BarkatAli_OfficeLabcoat3.png\" width=\"448\" height=\"576\" alt=\"Barkat Ali, PMHNP-BC\" loading=\"lazy\"><\/span><\/figure><div style=\"--tco-dccf-19:#407696;--tco-dccf-1c:#fc5e3b;\" class=\"x-text x-text-headline e447-e13-v4-v0 mcf-1j mcf-1l mcf-1o mcf-x exp02-heading\"><div class=\"x-text-content\"><div class=\"x-text-content-text\"><h2 class=\"x-text-content-text-primary\">Barkat Ali, PMHNP-BC<\/h2>\n<\/div><\/div><\/div><div style=\"--tco-dccf-1d:#292929;--tco-dccf-1g:#292929;\" class=\"x-text x-text-headline e447-e13-v5-v0 mcf-1j mcf-1l mcf-1p mcf-y exp02-heading\"><div class=\"x-text-content\"><div class=\"x-text-content-text\"><p class=\"x-text-content-text-primary\">Enfermera psiqui\u00e1trica de salud mental certificada por la junta, ofreciendo atenci\u00f3n personalizada para TDAH, trauma, ansiedad y m\u00e1s. Proporcionando planes de tratamiento hol\u00edsticos y compasivos para mejorar la salud mental.<\/p>\n<\/div><\/div><\/div><div style=\"--tco-dccf-1h:#407696;--tco-dccf-1k:#407696;--tco-dccf-1m:#407696;--tco-dccf-1p:#407696;\" class=\"x-text x-text-headline has-graphic e447-e13-v6-v0 mcf-1l mcf-1q mcf-z exp02-label\"><div class=\"x-text-content\"><span class=\"x-graphic\" aria-hidden=\"true\"><i class=\"x-icon x-graphic-child x-graphic-icon x-graphic-primary\" aria-hidden=\"true\" data-x-icon-o=\"&#xf061;\"><\/i><\/span><div class=\"x-text-content-text\"><span class=\"x-text-content-text-primary\">ver perfil<\/span>\n<\/div><\/div><\/div><\/a><a class=\"x-col e447-e13-v1 mcf-1e mcf-1g mcf-1i\" href=\"\/es\/staff\/michelle-garza\/\" data-x-effect-provider=\"colors particles effects\"><figure class=\"x-div e447-e13-v2 mcf-1 mcf-3 mcf-4 mcf-6 mcf-8 mcf-a mcf-d mcf-f mcf-n\" data-x-effect=\"{&quot;durationBase&quot;:&quot;300ms&quot;}\"><span class=\"x-image e447-e13-v3-v0 mcf-1w mcf-1y mcf-w exp02-image has-box-shadow\" style=\"--tco-dccf-u:1;--tco-dccf-v:normal;--tco-dccf-w:transparent;--tco-dccf-x:transparent;--tco-dccf-y:transparent;--tco-dccf-z:transparent;--tco-dccf-10:transparent;--tco-dccf-13:transparent;--tco-dccf-16:transparent;--tco-dccf-18:transparent;\"><img decoding=\"async\" src=\"https:\/\/mindshift.care\/wp-content\/uploads\/2025\/09\/MichelleGarza_OfficeLabcoat.png\" width=\"448\" height=\"576\" alt=\"Michelle Garza, PMHNP-BC\" loading=\"lazy\"><\/span><\/figure><div style=\"--tco-dccf-19:#407696;--tco-dccf-1c:#fc5e3b;\" class=\"x-text x-text-headline e447-e13-v4-v0 mcf-1j mcf-1l mcf-1o mcf-x exp02-heading\"><div class=\"x-text-content\"><div class=\"x-text-content-text\"><h2 class=\"x-text-content-text-primary\">Michelle Garza, PMHNP-BC<\/h2>\n<\/div><\/div><\/div><div style=\"--tco-dccf-1d:#292929;--tco-dccf-1g:#292929;\" class=\"x-text x-text-headline e447-e13-v5-v0 mcf-1j mcf-1l mcf-1p mcf-y exp02-heading\"><div class=\"x-text-content\"><div class=\"x-text-content-text\"><p class=\"x-text-content-text-primary\">\u00bfBuscas una enfermera psiqui\u00e1trica de salud mental compasiva? Conoce a Michelle Garza, PMHNP-BC. Ella ofrece atenci\u00f3n personalizada y basada en evidencia para la ansiedad, depresi\u00f3n y m\u00e1s. Comienza tu camino hacia el bienestar mental hoy.<\/p>\n<\/div><\/div><\/div><div style=\"--tco-dccf-1h:#407696;--tco-dccf-1k:#407696;--tco-dccf-1m:#407696;--tco-dccf-1p:#407696;\" class=\"x-text x-text-headline has-graphic e447-e13-v6-v0 mcf-1l mcf-1q mcf-z exp02-label\"><div class=\"x-text-content\"><span class=\"x-graphic\" aria-hidden=\"true\"><i class=\"x-icon x-graphic-child x-graphic-icon x-graphic-primary\" aria-hidden=\"true\" data-x-icon-o=\"&#xf061;\"><\/i><\/span><div class=\"x-text-content-text\"><span class=\"x-text-content-text-primary\">ver perfil<\/span>\n<\/div><\/div><\/div><\/a><\/div><\/div><\/div><\/div><\/div><\/div><\/div><section class=\"x-div e447-e18-v0 mcf-1 mcf-2 mcf-3 mcf-4 mcf-5 mcf-6 mcf-h mcf-10 exp02-section\" style=\"--tco-dccf-1u:;\"><div class=\"x-div e447-e18-v1 mcf-4 mcf-6 mcf-7 mcf-8 mcf-9 mcf-a mcf-k mcf-o has-fade-mask-down\" style=\"--tco-dccf-1x:normal;\" aria-hidden=\"true\"><div class=\"x-div e447-e18-v2 mcf-4 mcf-6 mcf-8 mcf-9 mcf-a mcf-b mcf-i mcf-p exp02-simple-bg is-cover\" style=\"--tco-dccf-1y:url(https:\/\/mindshift.care\/wp-content\/uploads\/2025\/07\/young-woman-patient-at-meeting-with-psychologist-mental-therapist.jpg);--tco-dccf-1z:50% 50%;--tco-dccf-20:200px;\"><div class=\"x-bg\" aria-hidden=\"true\"><div class=\"x-bg-layer-lower-image\"><\/div><\/div><\/div><\/div><div class=\"x-div x-container max width e447-e18-v3 mcf-1 mcf-4 mcf-6 mcf-8 mcf-a mcf-d mcf-j\"><div class=\"x-text x-text-headline e447-e20-v0 mcf-1j mcf-1l mcf-1m mcf-1r mcf-11 exp02-hero-heading\" data-rvt-inner-wrap=\".x-text-content-text-primary &gt; strong\"><div class=\"x-text-content\"><div class=\"x-text-content-text\"><h3 class=\"x-text-content-text-primary\">Qu\u00e9 <strong>esperar<\/strong><\/h3>\n<\/div><\/div><\/div><div style=\"--tco-dccf-21:;--tco-dccf-22:;--tco-dccf-23:;--tco-dccf-24:;--tco-dccf-25:;--tco-dccf-26:;\" class=\"x-text x-content e447-e21-v0 mcf-20 mcf-21 mcf-12 x-content exp02-content\">Estamos abiertos de lunes a viernes, de 8:00 a.m. a 6:00 p.m. No necesita cita previa, o puede llamar para comprobar la disponibilidad. Se reunir\u00e1 con un proveedor autorizado para una evaluaci\u00f3n exhaustiva. Si sus s\u00edntomas son graves o requieren algo m\u00e1s que atenci\u00f3n ambulatoria, coordinaremos una derivaci\u00f3n. De lo contrario, el tratamiento comienza el mismo d\u00eda, o le guiaremos a trav\u00e9s de los siguientes pasos.<\/div><div class=\"x-text x-text-headline e447-e22-v0 mcf-1j mcf-1l mcf-1m mcf-1s mcf-13 exp02-hero-heading\" data-rvt-inner-wrap=\".x-text-content-text-primary &gt; strong\"><div class=\"x-text-content\"><div class=\"x-text-content-text\"><h4 class=\"x-text-content-text-primary\"><strong>\u00a1Obt\u00e9n ayuda hoy!<\/strong> No necesitas cita<\/h4>\n<\/div><\/div><\/div><div style=\"--tco-dccf-27:;--tco-dccf-28:;--tco-dccf-29:;--tco-dccf-2a:;--tco-dccf-2b:;--tco-dccf-2c:;\" class=\"x-text x-content e447-e23-v0 mcf-20 mcf-22 mcf-14 x-content exp02-content\">\u00bfBusca atenci\u00f3n de salud mental hoy? Estamos aqu\u00ed para usted. Llame o visite MindShift para ponerse en contacto con un proveedor psiqui\u00e1trico que comprende la urgencia y sabe c\u00f3mo ayudar.<\/div><\/div><\/section><\/div>","protected":false},"excerpt":{"rendered":"<p>M\u00e9dicos de atenci\u00f3n de urgencia en Houston M\u00e9dicos con licencia aqu\u00ed para ayudarle con sus problemas urgentes de salud mental. Amy Azih, PA-C Una Asistente M\u00e9dica Psiqui\u00e1trica. Amy ofrece servicios integrales de salud mental en todo Texas, centr\u00e1ndose en un enfoque hol\u00edstico que combina t\u00e9cnicas de psicoterapia con la gesti\u00f3n de medicamentos. ver perfil Barkat Ali, PMHNP-BC Enfermera psiqui\u00e1trica de &#8230; <\/p>\n<div><a href=\"https:\/\/mindshift.care\/es\/medicos\/\" class=\"more-link\">Read More<\/a><\/div>\n","protected":false},"author":1,"featured_media":604,"parent":0,"menu_order":0,"comment_status":"closed","ping_status":"closed","template":"template-blank-4.php","meta":{"_acf_changed":false,"footnotes":""},"class_list":["post-447","page","type-page","status-publish","has-post-thumbnail","hentry"],"acf":[],"yoast_head":"<!-- This site is optimized with the Yoast SEO plugin v27.3 - https:\/\/yoast.com\/product\/yoast-seo-wordpress\/ -->\n<title>M\u00e9dicos &#8226; MindShift Mental Health Urgent Care<\/title>\n<meta name=\"robots\" content=\"index, follow, max-snippet:-1, max-image-preview:large, max-video-preview:-1\" \/>\n<link rel=\"canonical\" href=\"https:\/\/mindshift.care\/es\/medicos\/\" \/>\n<meta property=\"og:locale\" content=\"es_ES\" \/>\n<meta property=\"og:type\" content=\"article\" \/>\n<meta property=\"og:title\" content=\"M\u00e9dicos &#8226; MindShift Mental Health Urgent Care\" \/>\n<meta property=\"og:description\" content=\"M\u00e9dicos de atenci\u00f3n de urgencia en Houston M\u00e9dicos con licencia aqu\u00ed para ayudarle con sus problemas urgentes de salud mental. Amy Azih, PA-C Una Asistente M\u00e9dica Psiqui\u00e1trica. Amy ofrece servicios integrales de salud mental en todo Texas, centr\u00e1ndose en un enfoque hol\u00edstico que combina t\u00e9cnicas de psicoterapia con la gesti\u00f3n de medicamentos. ver perfil Barkat Ali, PMHNP-BC Enfermera psiqui\u00e1trica de ... Read More\" \/>\n<meta property=\"og:url\" content=\"https:\/\/mindshift.care\/es\/medicos\/\" \/>\n<meta property=\"og:site_name\" content=\"MindShift Mental Health Urgent Care\" \/>\n<meta property=\"article:publisher\" content=\"https:\/\/www.facebook.com\/profile.php?id=61575578072719\" \/>\n<meta property=\"article:modified_time\" content=\"2025-12-10T19:30:51+00:00\" \/>\n<meta property=\"og:image\" content=\"https:\/\/mindshift.care\/wp-content\/uploads\/2025\/09\/MindShift_Physicians_Office.png\" \/>\n\t<meta property=\"og:image:width\" content=\"896\" \/>\n\t<meta property=\"og:image:height\" content=\"1152\" \/>\n\t<meta property=\"og:image:type\" content=\"image\/png\" \/>\n<meta name=\"twitter:card\" content=\"summary_large_image\" \/>\n<meta name=\"twitter:label1\" content=\"Tiempo de lectura\" \/>\n\t<meta name=\"twitter:data1\" content=\"1 minuto\" \/>\n<script type=\"application\/ld+json\" class=\"yoast-schema-graph\">{\"@context\":\"https:\\\/\\\/schema.org\",\"@graph\":[{\"@type\":\"WebPage\",\"@id\":\"https:\\\/\\\/mindshift.care\\\/es\\\/medicos\\\/\",\"url\":\"https:\\\/\\\/mindshift.care\\\/es\\\/medicos\\\/\",\"name\":\"M\u00e9dicos &#8226; MindShift Mental Health Urgent Care\",\"isPartOf\":{\"@id\":\"https:\\\/\\\/mindshift.care\\\/es\\\/#website\"},\"primaryImageOfPage\":{\"@id\":\"https:\\\/\\\/mindshift.care\\\/es\\\/medicos\\\/#primaryimage\"},\"image\":{\"@id\":\"https:\\\/\\\/mindshift.care\\\/es\\\/medicos\\\/#primaryimage\"},\"thumbnailUrl\":\"https:\\\/\\\/mindshift.care\\\/wp-content\\\/uploads\\\/2025\\\/09\\\/MindShift_Physicians_Office.png\",\"datePublished\":\"2025-06-30T17:04:43+00:00\",\"dateModified\":\"2025-12-10T19:30:51+00:00\",\"breadcrumb\":{\"@id\":\"https:\\\/\\\/mindshift.care\\\/es\\\/medicos\\\/#breadcrumb\"},\"inLanguage\":\"es\",\"potentialAction\":[{\"@type\":\"ReadAction\",\"target\":[\"https:\\\/\\\/mindshift.care\\\/es\\\/medicos\\\/\"]}]},{\"@type\":\"ImageObject\",\"inLanguage\":\"es\",\"@id\":\"https:\\\/\\\/mindshift.care\\\/es\\\/medicos\\\/#primaryimage\",\"url\":\"https:\\\/\\\/mindshift.care\\\/wp-content\\\/uploads\\\/2025\\\/09\\\/MindShift_Physicians_Office.png\",\"contentUrl\":\"https:\\\/\\\/mindshift.care\\\/wp-content\\\/uploads\\\/2025\\\/09\\\/MindShift_Physicians_Office.png\",\"width\":896,\"height\":1152,\"caption\":\"MindShift Care Physicians Team\"},{\"@type\":\"BreadcrumbList\",\"@id\":\"https:\\\/\\\/mindshift.care\\\/es\\\/medicos\\\/#breadcrumb\",\"itemListElement\":[{\"@type\":\"ListItem\",\"position\":1,\"name\":\"Home\",\"item\":\"https:\\\/\\\/mindshift.care\\\/es\\\/hogar\\\/\"},{\"@type\":\"ListItem\",\"position\":2,\"name\":\"M\u00e9dicos\"}]},{\"@type\":\"WebSite\",\"@id\":\"https:\\\/\\\/mindshift.care\\\/es\\\/#website\",\"url\":\"https:\\\/\\\/mindshift.care\\\/es\\\/\",\"name\":\"MindShift Mental Health Urgent Care\",\"description\":\"Accessible, timely, and specialized support when you need it most.\",\"publisher\":{\"@id\":\"https:\\\/\\\/mindshift.care\\\/es\\\/#organization\"},\"alternateName\":\"MindShift Care\",\"potentialAction\":[{\"@type\":\"SearchAction\",\"target\":{\"@type\":\"EntryPoint\",\"urlTemplate\":\"https:\\\/\\\/mindshift.care\\\/es\\\/?s={search_term_string}\"},\"query-input\":{\"@type\":\"PropertyValueSpecification\",\"valueRequired\":true,\"valueName\":\"search_term_string\"}}],\"inLanguage\":\"es\"},{\"@type\":\"Organization\",\"@id\":\"https:\\\/\\\/mindshift.care\\\/es\\\/#organization\",\"name\":\"MindShift Mental Health Urgent Care\",\"alternateName\":\"MindShift Mental Health Urgent Care\",\"url\":\"https:\\\/\\\/mindshift.care\\\/es\\\/\",\"logo\":{\"@type\":\"ImageObject\",\"inLanguage\":\"es\",\"@id\":\"https:\\\/\\\/mindshift.care\\\/es\\\/#\\\/schema\\\/logo\\\/image\\\/\",\"url\":\"https:\\\/\\\/mindshift.care\\\/wp-content\\\/uploads\\\/2025\\\/06\\\/brand_MindShift_2025_logo-dark.svg\",\"contentUrl\":\"https:\\\/\\\/mindshift.care\\\/wp-content\\\/uploads\\\/2025\\\/06\\\/brand_MindShift_2025_logo-dark.svg\",\"width\":561,\"height\":452,\"caption\":\"MindShift Mental Health Urgent Care\"},\"image\":{\"@id\":\"https:\\\/\\\/mindshift.care\\\/es\\\/#\\\/schema\\\/logo\\\/image\\\/\"},\"sameAs\":[\"https:\\\/\\\/www.facebook.com\\\/profile.php?id=61575578072719\",\"https:\\\/\\\/www.instagram.com\\\/mindshift.care\\\/\",\"https:\\\/\\\/www.tiktok.com\\\/@.mindshiftcare\"]}]}<\/script>\n<!-- \/ Yoast SEO plugin. -->","yoast_head_json":{"title":"M\u00e9dicos &#8226; MindShift Mental Health Urgent Care","robots":{"index":"index","follow":"follow","max-snippet":"max-snippet:-1","max-image-preview":"max-image-preview:large","max-video-preview":"max-video-preview:-1"},"canonical":"https:\/\/mindshift.care\/es\/medicos\/","og_locale":"es_ES","og_type":"article","og_title":"M\u00e9dicos &#8226; MindShift Mental Health Urgent Care","og_description":"M\u00e9dicos de atenci\u00f3n de urgencia en Houston M\u00e9dicos con licencia aqu\u00ed para ayudarle con sus problemas urgentes de salud mental. Amy Azih, PA-C Una Asistente M\u00e9dica Psiqui\u00e1trica. Amy ofrece servicios integrales de salud mental en todo Texas, centr\u00e1ndose en un enfoque hol\u00edstico que combina t\u00e9cnicas de psicoterapia con la gesti\u00f3n de medicamentos. ver perfil Barkat Ali, PMHNP-BC Enfermera psiqui\u00e1trica de ... Read More","og_url":"https:\/\/mindshift.care\/es\/medicos\/","og_site_name":"MindShift Mental Health Urgent Care","article_publisher":"https:\/\/www.facebook.com\/profile.php?id=61575578072719","article_modified_time":"2025-12-10T19:30:51+00:00","og_image":[{"width":896,"height":1152,"url":"https:\/\/mindshift.care\/wp-content\/uploads\/2025\/09\/MindShift_Physicians_Office.png","type":"image\/png"}],"twitter_card":"summary_large_image","twitter_misc":{"Tiempo de lectura":"1 minuto"},"schema":{"@context":"https:\/\/schema.org","@graph":[{"@type":"WebPage","@id":"https:\/\/mindshift.care\/es\/medicos\/","url":"https:\/\/mindshift.care\/es\/medicos\/","name":"M\u00e9dicos &#8226; MindShift Mental Health Urgent Care","isPartOf":{"@id":"https:\/\/mindshift.care\/es\/#website"},"primaryImageOfPage":{"@id":"https:\/\/mindshift.care\/es\/medicos\/#primaryimage"},"image":{"@id":"https:\/\/mindshift.care\/es\/medicos\/#primaryimage"},"thumbnailUrl":"https:\/\/mindshift.care\/wp-content\/uploads\/2025\/09\/MindShift_Physicians_Office.png","datePublished":"2025-06-30T17:04:43+00:00","dateModified":"2025-12-10T19:30:51+00:00","breadcrumb":{"@id":"https:\/\/mindshift.care\/es\/medicos\/#breadcrumb"},"inLanguage":"es","potentialAction":[{"@type":"ReadAction","target":["https:\/\/mindshift.care\/es\/medicos\/"]}]},{"@type":"ImageObject","inLanguage":"es","@id":"https:\/\/mindshift.care\/es\/medicos\/#primaryimage","url":"https:\/\/mindshift.care\/wp-content\/uploads\/2025\/09\/MindShift_Physicians_Office.png","contentUrl":"https:\/\/mindshift.care\/wp-content\/uploads\/2025\/09\/MindShift_Physicians_Office.png","width":896,"height":1152,"caption":"MindShift Care Physicians Team"},{"@type":"BreadcrumbList","@id":"https:\/\/mindshift.care\/es\/medicos\/#breadcrumb","itemListElement":[{"@type":"ListItem","position":1,"name":"Home","item":"https:\/\/mindshift.care\/es\/hogar\/"},{"@type":"ListItem","position":2,"name":"M\u00e9dicos"}]},{"@type":"WebSite","@id":"https:\/\/mindshift.care\/es\/#website","url":"https:\/\/mindshift.care\/es\/","name":"MindShift Mental Health Urgent Care","description":"Accessible, timely, and specialized support when you need it most.","publisher":{"@id":"https:\/\/mindshift.care\/es\/#organization"},"alternateName":"MindShift Care","potentialAction":[{"@type":"SearchAction","target":{"@type":"EntryPoint","urlTemplate":"https:\/\/mindshift.care\/es\/?s={search_term_string}"},"query-input":{"@type":"PropertyValueSpecification","valueRequired":true,"valueName":"search_term_string"}}],"inLanguage":"es"},{"@type":"Organization","@id":"https:\/\/mindshift.care\/es\/#organization","name":"MindShift Mental Health Urgent Care","alternateName":"MindShift Mental Health Urgent Care","url":"https:\/\/mindshift.care\/es\/","logo":{"@type":"ImageObject","inLanguage":"es","@id":"https:\/\/mindshift.care\/es\/#\/schema\/logo\/image\/","url":"https:\/\/mindshift.care\/wp-content\/uploads\/2025\/06\/brand_MindShift_2025_logo-dark.svg","contentUrl":"https:\/\/mindshift.care\/wp-content\/uploads\/2025\/06\/brand_MindShift_2025_logo-dark.svg","width":561,"height":452,"caption":"MindShift Mental Health Urgent Care"},"image":{"@id":"https:\/\/mindshift.care\/es\/#\/schema\/logo\/image\/"},"sameAs":["https:\/\/www.facebook.com\/profile.php?id=61575578072719","https:\/\/www.instagram.com\/mindshift.care\/","https:\/\/www.tiktok.com\/@.mindshiftcare"]}]}},"_links":{"self":[{"href":"https:\/\/mindshift.care\/es\/wp-json\/wp\/v2\/pages\/447","targetHints":{"allow":["GET"]}}],"collection":[{"href":"https:\/\/mindshift.care\/es\/wp-json\/wp\/v2\/pages"}],"about":[{"href":"https:\/\/mindshift.care\/es\/wp-json\/wp\/v2\/types\/page"}],"author":[{"embeddable":true,"href":"https:\/\/mindshift.care\/es\/wp-json\/wp\/v2\/users\/1"}],"replies":[{"embeddable":true,"href":"https:\/\/mindshift.care\/es\/wp-json\/wp\/v2\/comments?post=447"}],"version-history":[{"count":0,"href":"https:\/\/mindshift.care\/es\/wp-json\/wp\/v2\/pages\/447\/revisions"}],"wp:featuredmedia":[{"embeddable":true,"href":"https:\/\/mindshift.care\/es\/wp-json\/wp\/v2\/media\/604"}],"wp:attachment":[{"href":"https:\/\/mindshift.care\/es\/wp-json\/wp\/v2\/media?parent=447"}],"curies":[{"name":"wp","href":"https:\/\/api.w.org\/{rel}","templated":true}]}}